{"id":9,"date":"2026-04-09T09:19:16","date_gmt":"2026-04-09T09:19:16","guid":{"rendered":"https:\/\/cerrajerodavidmalaga.es\/web\/?page_id=9"},"modified":"2026-04-09T18:21:07","modified_gmt":"2026-04-09T18:21:07","slug":"cerrajero-en-malaga-24-h-servicio-urgente-y-economico","status":"publish","type":"page","link":"http:\/\/cerrajerodavidmalaga.es\/web\/","title":{"rendered":"Cerrajero en M\u00e1laga servicio 24h"},"content":{"rendered":"\n<p>Soy un cerrajero sin intermediarios , estoy disponible en toda la capital y los pueblos de alrededor , estoy listo para atender servicios <strong>urgentes de cerrajer\u00eda<\/strong> , <strong>cambios de cerradura , apertura de puertas y todo tipo de servicios de cerrajer\u00eda<\/strong> .<\/p>\n\n\n<p class='wp-call-button-block-button wp-call-button-block-button-center'><a class='wp-call-button-in-btn' href='tel:+34641219673' style='' ><svg x=\"0px\" y=\"0px\" width=\"459px\" height=\"459px\" viewBox=\"0 0 459 459\">\r\n\t\t\t\t<path\r\n\t\t\t\t\td=\"M91.8,198.9c35.7,71.4,96.9,130.05,168.3,168.3L316.2,311.1c7.649-7.649,17.85-10.199,25.5-5.1c28.05,10.2,58.649,15.3,91.8,15.3c15.3,0,25.5,10.2,25.5,25.5v86.7c0,15.3-10.2,25.5-25.5,25.5C193.8,459,0,265.2,0,25.5C0,10.2,10.2,0,25.5,0h89.25c15.3,0,25.5,10.2,25.5,25.5c0,30.6,5.1,61.2,15.3,91.8c2.55,7.65,0,17.85-5.1,25.5L91.8,198.9z\"\r\n\t\t\t\t\/>\r\n\t\t\t<\/svg> Llama ya<\/a><\/p>\n\n\n<h2 class=\"wp-block-heading has-text-align-left\" style=\"font-size:40px\">Servicio de cerrajer\u00eda en M\u00e1laga <\/h2>\n\n\n\n<div class=\"alignnormal\"><div id=\"metaslider-id-14\" style=\"width: 100%;\" class=\"ml-slider-3-107-0 metaslider metaslider-flex metaslider-14 ml-slider has-dots-nav has-carousel-mode ms-theme-default-base\" role=\"region\" aria-label=\"Nueva presentaci\u00f3n de diapositivas\" data-height=\"250\" data-width=\"250\">\n    <div id=\"metaslider_container_14\">\n        <div id=\"metaslider_14\">\n            <ul aria-live='off' class='slides'>\n                <li style=\"display: none; width: 100%;\" class=\"slide-15 ms-image \" aria-roledescription=\"slide\" data-date=\"2026-04-07 22:52:52\" data-filename=\"7-250x250.jpeg\" data-slide-type=\"image\"><img fetchpriority=\"high\" decoding=\"async\" src=\"http:\/\/cerrajerodavidmalaga.es\/web\/wp-content\/uploads\/2026\/04\/7-250x250.jpeg\" height=\"250\" width=\"250\" alt=\"\" class=\"slider-14 slide-15 msDefaultImage\" title=\"7\" \/><\/li>\n                <li style=\"display: none; width: 100%;\" class=\"slide-17 ms-image \" aria-roledescription=\"slide\" data-date=\"2026-04-07 22:53:40\" data-filename=\"6-250x250.jpeg\" data-slide-type=\"image\"><img decoding=\"async\" src=\"http:\/\/cerrajerodavidmalaga.es\/web\/wp-content\/uploads\/2026\/04\/6-250x250.jpeg\" height=\"250\" width=\"250\" alt=\"\" class=\"slider-14 slide-17 msDefaultImage\" title=\"6\" \/><\/li>\n                <li style=\"display: none; width: 100%;\" class=\"slide-22 ms-image \" aria-roledescription=\"slide\" data-date=\"2026-04-07 22:54:59\" data-filename=\"WhatsApp-Image-2026-03-27-at-0-250x250.jpeg\" data-slide-type=\"image\"><img decoding=\"async\" src=\"http:\/\/cerrajerodavidmalaga.es\/web\/wp-content\/uploads\/2026\/04\/WhatsApp-Image-2026-03-27-at-0-250x250.jpeg\" height=\"250\" width=\"250\" alt=\"\" class=\"slider-14 slide-22 msDefaultImage\" title=\"WhatsApp Image 2026-03-27 at 0\" \/><\/li>\n                <li style=\"display: none; width: 100%;\" class=\"slide-25 ms-image \" aria-roledescription=\"slide\" data-date=\"2026-04-07 22:55:13\" data-filename=\"3-250x250.jpeg\" data-slide-type=\"image\"><img loading=\"lazy\" decoding=\"async\" src=\"http:\/\/cerrajerodavidmalaga.es\/web\/wp-content\/uploads\/2026\/04\/3-250x250.jpeg\" height=\"250\" width=\"250\" alt=\"\" class=\"slider-14 slide-25 msDefaultImage\" title=\"3\" \/><\/li>\n                <li style=\"display: none; width: 100%;\" class=\"slide-27 ms-image \" aria-roledescription=\"slide\" data-date=\"2026-04-07 22:55:38\" data-filename=\"Wha-250x250.jpeg\" data-slide-type=\"image\"><img loading=\"lazy\" decoding=\"async\" src=\"http:\/\/cerrajerodavidmalaga.es\/web\/wp-content\/uploads\/2026\/04\/Wha-250x250.jpeg\" height=\"250\" width=\"250\" alt=\"\" class=\"slider-14 slide-27 msDefaultImage\" title=\"Wha\" \/><\/li>\n                <li style=\"display: none; width: 100%;\" class=\"slide-28 ms-image \" aria-roledescription=\"slide\" data-date=\"2026-04-07 22:55:57\" data-filename=\"5-250x250.jpeg\" data-slide-type=\"image\"><img loading=\"lazy\" decoding=\"async\" src=\"http:\/\/cerrajerodavidmalaga.es\/web\/wp-content\/uploads\/2026\/04\/5-250x250.jpeg\" height=\"250\" width=\"250\" alt=\"\" class=\"slider-14 slide-28 msDefaultImage\" title=\"5\" \/><\/li>\n            <\/ul>\n        <\/div>\n        \n    <\/div>\n<\/div><\/div>\n\n\n\n<div style=\"height:100px\" aria-hidden=\"true\" class=\"wp-block-spacer\"><\/div>\n\n\n\n<div class=\"wp-block-group is-nowrap is-layout-flex wp-container-core-group-is-layout-ad2f72ca wp-block-group-is-layout-flex\">\n<h3 class=\"wp-block-heading has-text-align-left has-large-font-size\"><span class=\"wp-rich-text-font-awesome-icon wp-font-awesome-icon\"><svg aria-hidden=\"true\" focusable=\"false\" data-prefix=\"fas\" data-icon=\"check\" class=\"svg-inline--fa fa-check \" role=\"img\" xmlns=\"http:\/\/www.w3.org\/2000\/svg\" viewBox=\"0 0 448 512\" color=\"#00a203\"><path fill=\"currentColor\" d=\"M434.8 70.1c14.3 10.4 17.5 30.4 7.1 44.7l-256 352c-5.5 7.6-14 12.3-23.4 13.1s-18.5-2.7-25.1-9.3l-128-128c-12.5-12.5-12.5-32.8 0-45.3s32.8-12.5 45.3 0l101.5 101.5 234-321.7c10.4-14.3 30.4-17.5 44.7-7.1z\"><\/path><\/svg><\/span>Cerrajer\u00eda urgente en m\u00e1laga 24h los 365 d\u00edas del a\u00f1o<\/h3>\n<\/div>\n\n\n\n<p><strong>Ofrecemos servicio de cerrajer\u00eda las 24h en m\u00e1laga y pueblos de alrededor<\/strong> como puede ser Torremolinos , Benalm\u00e1dena o Fuengirola , gracias a la buena ubicaci\u00f3n en la que me encuentro <strong>tardo en llegar<\/strong> al lugar de los hechos unos <strong>20 min<\/strong> desde que me solicita el servicio el cliente .<strong>Ofreciendo as\u00ed una atenci\u00f3n inmediata <\/strong>.<\/p>\n\n\n\n<h3 class=\"wp-block-heading has-text-align-left\" style=\"font-size:28px\"><span class=\"wp-rich-text-font-awesome-icon wp-font-awesome-icon\"><svg aria-hidden=\"true\" focusable=\"false\" data-prefix=\"fas\" data-icon=\"door-open\" class=\"svg-inline--fa fa-door-open \" role=\"img\" xmlns=\"http:\/\/www.w3.org\/2000\/svg\" viewBox=\"0 0 448 512\" color=\"#00a925\"><path fill=\"currentColor\" d=\"M288 64l64 0 0 416c0 17.7 14.3 32 32 32l32 0c17.7 0 32-14.3 32-32s-14.3-32-32-32l0-384c0-35.3-28.7-64-64-64l-96 0 0 0-160 0C60.7 0 32 28.7 32 64l0 384c-17.7 0-32 14.3-32 32s14.3 32 32 32l224 0c17.7 0 32-14.3 32-32l0-416zM160 256a32 32 0 1 1 64 0 32 32 0 1 1 -64 0z\"><\/path><\/svg><\/span>Apertura de puerta sin da\u00f1ar la cerradura<\/h3>\n\n\n\n<p>Tras muchos a\u00f1os de experiencia se como <strong>abrir cualquier tipo de puerta <\/strong>sin tener que causar da\u00f1os , salvo en casos excepcionales , adem\u00e1s de la experiencia cuento tambi\u00e9n con herramientas de ultima generaci\u00f3n lo que hace el trabajo mas f\u00e1cil . Si buscas <strong>un cerrajero de confianza y barato en m\u00e1laga,<\/strong> no busques mas .<\/p>\n\n\n\n<h3 class=\"wp-block-heading has-text-align-left\" style=\"font-size:28px\"><span class=\"wp-rich-text-font-awesome-icon wp-font-awesome-icon\"><svg aria-hidden=\"true\" focusable=\"false\" data-prefix=\"fas\" data-icon=\"comment\" class=\"svg-inline--fa fa-comment \" role=\"img\" xmlns=\"http:\/\/www.w3.org\/2000\/svg\" viewBox=\"0 0 512 512\" color=\"#14aa00\"><path fill=\"currentColor\" d=\"M512 240c0 132.5-114.6 240-256 240-37.1 0-72.3-7.4-104.1-20.7L33.5 510.1c-9.4 4-20.2 1.7-27.1-5.8S-2 485.8 2.8 476.8l48.8-92.2C19.2 344.3 0 294.3 0 240 0 107.5 114.6 0 256 0S512 107.5 512 240z\"><\/path><\/svg><\/span>Asesoramiento en sistemas de seguridad y bombines<\/h3>\n\n\n\n<p>Tras muchos a\u00f1os como <strong>cerrajero de urgencia <\/strong> he podido comprobar de primera mano como se las gastan los amigos de lo ajeno , por lo que <strong>David cerrajero M\u00e1laga<\/strong> tiene la capacidad suficiente para recomendar a sus clientes como pueden <strong>mejorar la seguridad de su vivienda<\/strong> , para ello dispongo de los sistemas mas avanzados de seguridad para todo tipo de puertas y cerraduras .<\/p>\n\n\n\n<h2 class=\"wp-block-heading has-text-align-left\" style=\"font-size:27px\"><span class=\"wp-rich-text-font-awesome-icon wp-font-awesome-icon\"><svg aria-hidden=\"true\" focusable=\"false\" data-prefix=\"fas\" data-icon=\"key\" class=\"svg-inline--fa fa-key \" role=\"img\" xmlns=\"http:\/\/www.w3.org\/2000\/svg\" viewBox=\"0 0 512 512\" color=\"#00ae2c\"><path fill=\"currentColor\" d=\"M336 352c97.2 0 176-78.8 176-176S433.2 0 336 0 160 78.8 160 176c0 18.7 2.9 36.8 8.3 53.7L7 391c-4.5 4.5-7 10.6-7 17l0 80c0 13.3 10.7 24 24 24l80 0c13.3 0 24-10.7 24-24l0-40 40 0c13.3 0 24-10.7 24-24l0-40 40 0c6.4 0 12.5-2.5 17-7l33.3-33.3c16.9 5.4 35 8.3 53.7 8.3zM376 96a40 40 0 1 1 0 80 40 40 0 1 1 0-80z\"><\/path><\/svg><\/span>Cambio e instalaci\u00f3n de cerraduras de seguridad<\/h2>\n\n\n\n<p>Como he dicho antes , gracias a la experiencia y formaci\u00f3n continua realizamos el <strong>cambio de cualquier tipo de cerradura<\/strong> ,as\u00ed como instalarla de cero o modernizar una que ya tiene , contamos con cerraduras de ultima generaci\u00f3n con la m\u00e1xima seguridad , instalamos <strong>cerraduras antibumping <\/strong>, <strong>antirotura <\/strong>, <strong>antitaladro , antitarjeta , antiextraccion <\/strong>,<strong>antiganzua y antipalanca <\/strong>. Pregunte sin compromiso .<\/p>\n\n\n<p class='wp-call-button-block-button wp-call-button-block-button-center'><a class='wp-call-button-in-btn' href='tel:+34641219673' style='' ><svg x=\"0px\" y=\"0px\" width=\"459px\" height=\"459px\" viewBox=\"0 0 459 459\">\r\n\t\t\t\t<path\r\n\t\t\t\t\td=\"M91.8,198.9c35.7,71.4,96.9,130.05,168.3,168.3L316.2,311.1c7.649-7.649,17.85-10.199,25.5-5.1c28.05,10.2,58.649,15.3,91.8,15.3c15.3,0,25.5,10.2,25.5,25.5v86.7c0,15.3-10.2,25.5-25.5,25.5C193.8,459,0,265.2,0,25.5C0,10.2,10.2,0,25.5,0h89.25c15.3,0,25.5,10.2,25.5,25.5c0,30.6,5.1,61.2,15.3,91.8c2.55,7.65,0,17.85-5.1,25.5L91.8,198.9z\"\r\n\t\t\t\t\/>\r\n\t\t\t<\/svg> Llama ya<\/a><\/p>\n\n\n<h2 class=\"wp-block-heading has-text-align-left\" style=\"font-size:40px\">\u00bfPor que elegir nuestro servicio de cerrajer\u00eda en m\u00e1laga ?<\/h2>\n\n\n\n<p>Cuando alguien busca <strong>cerrajero en M\u00e1laga <\/strong> , lo primero que necesita es confianza .<\/p>\n\n\n\n<p>Por eso trabajo con un sistema transparente que garantiza seguridad y profesionalidad en cada servicio.<\/p>\n\n\n\n<ul class=\"wp-block-list\">\n<li>Voy uniformado e identificado<\/li>\n\n\n\n<li>Verificaci\u00f3n de propiedad antes de intervenir<\/li>\n\n\n\n<li>Facturaci\u00f3n legal<\/li>\n\n\n\n<li>Garant\u00eda en todos los trabajos<\/li>\n\n\n\n<li>Parte digital del servicio realizado<\/li>\n<\/ul>\n\n\n\n<p>Nuestro objetivo no es solo abrir una puerta, sino resolver el problema de forma definitiva<\/p>\n\n\n\n<h3 class=\"wp-block-heading has-text-align-left\" style=\"font-size:28px\"><span class=\"wp-rich-text-font-awesome-icon wp-font-awesome-icon\"><svg aria-hidden=\"true\" focusable=\"false\" data-prefix=\"fas\" data-icon=\"check\" class=\"svg-inline--fa fa-check \" role=\"img\" xmlns=\"http:\/\/www.w3.org\/2000\/svg\" viewBox=\"0 0 448 512\" color=\"#00aa0e\"><path fill=\"currentColor\" d=\"M434.8 70.1c14.3 10.4 17.5 30.4 7.1 44.7l-256 352c-5.5 7.6-14 12.3-23.4 13.1s-18.5-2.7-25.1-9.3l-128-128c-12.5-12.5-12.5-32.8 0-45.3s32.8-12.5 45.3 0l101.5 101.5 234-321.7c10.4-14.3 30.4-17.5 44.7-7.1z\"><\/path><\/svg><\/span>Experiencia <\/h3>\n\n\n\n<p><strong>David cerrajero m\u00e1laga <\/strong>acumula ya mas de 10 a\u00f1os de experiencia en la cerrajer\u00eda y estoy comprometido con dar un servicio r\u00e1pido , profesional y de calidad . Soy una persona cualificada y mis tarifas son asequibles , me considero un <strong>cerrajero<\/strong> <strong>econ\u00f3mico <\/strong>.<\/p>\n\n\n\n<h3 class=\"wp-block-heading has-text-align-left\" style=\"font-size:28px\"><span class=\"wp-rich-text-font-awesome-icon wp-font-awesome-icon\"><svg aria-hidden=\"true\" focusable=\"false\" data-prefix=\"fas\" data-icon=\"street-view\" class=\"svg-inline--fa fa-street-view \" role=\"img\" xmlns=\"http:\/\/www.w3.org\/2000\/svg\" viewBox=\"0 0 512 512\" color=\"#00a914\"><path fill=\"currentColor\" d=\"M256 0a64 64 0 1 1 0 128 64 64 0 1 1 0-128zM224 160l64 0c35.3 0 64 28.7 64 64l0 48c0 17.7-14.3 32-32 32l-1.8 0-11.1 99.5c-1.8 16.2-15.5 28.5-31.8 28.5l-38.7 0c-16.3 0-30-12.3-31.8-28.5l-11.1-99.5-1.8 0c-17.7 0-32-14.3-32-32l0-48c0-35.3 28.7-64 64-64zM412.4 400.2c-16.1-4.2-34.8-7.6-55.4-10.2l5.3-47.7c22.7 2.9 43.7 6.7 62.1 11.5 22.4 5.8 42.6 13.3 57.8 23.3 14.7 9.6 29.8 24.9 29.8 47s-15.1 37.4-29.8 47c-15.2 9.9-35.5 17.5-57.8 23.3-45.1 11.7-105.3 17.8-168.4 17.8s-123.3-6.1-168.4-17.8C65.2 488.4 45 480.9 29.8 471 15.1 461.4 0 446.1 0 424s15.1-37.4 29.8-47c15.2-9.9 35.5-17.5 57.8-23.3 18.5-4.8 39.5-8.6 62.1-11.5L155 390c-20.6 2.6-39.3 6.1-55.4 10.2-56.6 14.6-56.6 32.9 0 47.5 39.9 10.3 95.8 16.2 156.4 16.2s116.5-5.9 156.4-16.2c56.6-14.6 56.6-32.9 0-47.5z\"><\/path><\/svg><\/span>Zona de cobertura <\/h3>\n\n\n\n<p>Doy <strong>cobertura en toda m\u00e1laga <\/strong> , tanto en la capital como en los pueblos de alrededor, algunos de ellos son :<strong>Torremolinos , Mijas o Benalm\u00e1dena<\/strong> , algunas de las barriadas a las que llegamos dentro de la capital son : <strong>Teatinos , El palo , Huelin o Carretera de C\u00e1diz<\/strong>.<\/p>\n\n\n\n<h3 class=\"wp-block-heading has-text-align-left\" style=\"font-size:28px\"><span class=\"wp-rich-text-font-awesome-icon wp-font-awesome-icon\"><svg aria-hidden=\"true\" focusable=\"false\" data-prefix=\"fas\" data-icon=\"calendar\" class=\"svg-inline--fa fa-calendar \" role=\"img\" xmlns=\"http:\/\/www.w3.org\/2000\/svg\" viewBox=\"0 0 448 512\" color=\"#00af0f\"><path fill=\"currentColor\" d=\"M128 0C110.3 0 96 14.3 96 32l0 32-32 0C28.7 64 0 92.7 0 128l0 48 448 0 0-48c0-35.3-28.7-64-64-64l-32 0 0-32c0-17.7-14.3-32-32-32s-32 14.3-32 32l0 32-128 0 0-32c0-17.7-14.3-32-32-32zM0 224L0 416c0 35.3 28.7 64 64 64l320 0c35.3 0 64-28.7 64-64l0-192-448 0z\"><\/path><\/svg><\/span>Disponibilidad <\/h3>\n\n\n\n<p>Nuestra <strong>disponibilidad es inmediata<\/strong> , disponemos de servicio urgente o programado adapt\u00e1ndonos a tus necesidades . Nuestro horario de atenci\u00f3n al cliente son las 24 h los 365 d\u00edas del a\u00f1o .<\/p>\n\n\n\n<h3 class=\"wp-block-heading\"><span class=\"wp-rich-text-font-awesome-icon wp-font-awesome-icon\"><svg aria-hidden=\"true\" focusable=\"false\" data-prefix=\"fas\" data-icon=\"lock\" class=\"svg-inline--fa fa-lock \" role=\"img\" xmlns=\"http:\/\/www.w3.org\/2000\/svg\" viewBox=\"0 0 384 512\" color=\"#03c100\"><path fill=\"currentColor\" d=\"M128 96l0 64 128 0 0-64c0-35.3-28.7-64-64-64s-64 28.7-64 64zM64 160l0-64C64 25.3 121.3-32 192-32S320 25.3 320 96l0 64c35.3 0 64 28.7 64 64l0 224c0 35.3-28.7 64-64 64L64 512c-35.3 0-64-28.7-64-64L0 224c0-35.3 28.7-64 64-64z\"><\/path><\/svg><\/span>Trabajamos con primeras marcas<\/h3>\n\n\n\n<p> Para ofrecer un buen servicio ,es necesario contar con marcas que han demostrado a lo largo de los a\u00f1os ser fiables y seguras , aqu\u00ed ten\u00e9is algunas de ellas :<\/p>\n\n\n\n<figure class=\"wp-block-image size-large\"><img loading=\"lazy\" decoding=\"async\" width=\"1024\" height=\"409\" src=\"https:\/\/cerrajerodavidmalaga.es\/web\/wp-content\/uploads\/2026\/04\/marcas-cerraduras-1024x409.jpg\" alt=\"\" class=\"wp-image-43\" srcset=\"http:\/\/cerrajerodavidmalaga.es\/web\/wp-content\/uploads\/2026\/04\/marcas-cerraduras-1024x409.jpg 1024w, http:\/\/cerrajerodavidmalaga.es\/web\/wp-content\/uploads\/2026\/04\/marcas-cerraduras-300x120.jpg 300w, http:\/\/cerrajerodavidmalaga.es\/web\/wp-content\/uploads\/2026\/04\/marcas-cerraduras-768x307.jpg 768w, http:\/\/cerrajerodavidmalaga.es\/web\/wp-content\/uploads\/2026\/04\/marcas-cerraduras.jpg 1200w\" sizes=\"(max-width: 1024px) 100vw, 1024px\" \/><\/figure>\n\n\n\n<div style=\"height:100px\" aria-hidden=\"true\" class=\"wp-block-spacer\"><\/div>\n\n\n\n<h2 class=\"wp-block-heading has-text-align-left\" style=\"font-size:28px\"><span class=\"wp-rich-text-font-awesome-icon wp-font-awesome-icon\"><svg aria-hidden=\"true\" focusable=\"false\" data-prefix=\"fas\" data-icon=\"street-view\" class=\"svg-inline--fa fa-street-view \" role=\"img\" xmlns=\"http:\/\/www.w3.org\/2000\/svg\" viewBox=\"0 0 512 512\" color=\"#0fb000\"><path fill=\"currentColor\" d=\"M256 0a64 64 0 1 1 0 128 64 64 0 1 1 0-128zM224 160l64 0c35.3 0 64 28.7 64 64l0 48c0 17.7-14.3 32-32 32l-1.8 0-11.1 99.5c-1.8 16.2-15.5 28.5-31.8 28.5l-38.7 0c-16.3 0-30-12.3-31.8-28.5l-11.1-99.5-1.8 0c-17.7 0-32-14.3-32-32l0-48c0-35.3 28.7-64 64-64zM412.4 400.2c-16.1-4.2-34.8-7.6-55.4-10.2l5.3-47.7c22.7 2.9 43.7 6.7 62.1 11.5 22.4 5.8 42.6 13.3 57.8 23.3 14.7 9.6 29.8 24.9 29.8 47s-15.1 37.4-29.8 47c-15.2 9.9-35.5 17.5-57.8 23.3-45.1 11.7-105.3 17.8-168.4 17.8s-123.3-6.1-168.4-17.8C65.2 488.4 45 480.9 29.8 471 15.1 461.4 0 446.1 0 424s15.1-37.4 29.8-47c15.2-9.9 35.5-17.5 57.8-23.3 18.5-4.8 39.5-8.6 62.1-11.5L155 390c-20.6 2.6-39.3 6.1-55.4 10.2-56.6 14.6-56.6 32.9 0 47.5 39.9 10.3 95.8 16.2 156.4 16.2s116.5-5.9 156.4-16.2c56.6-14.6 56.6-32.9 0-47.5z\"><\/path><\/svg><\/span>Algunas de las zonas por las que trabajo en M\u00e1laga<\/h2>\n\n\n\n<div class=\"wp-block-columns is-layout-flex wp-container-core-columns-is-layout-9d6595d7 wp-block-columns-is-layout-flex\">\n<div class=\"wp-block-column is-layout-flow wp-block-column-is-layout-flow\">\n<p><em><strong>La Princesa<br>La Luz<br>Martiricos<br>El Palo<br>Pedregalejo<br>El Limonar<br>Cerrado de Calder\u00f3n<br>Bail\u00e9n-Miraflores<br>Ciudad Jard\u00edn<br><\/strong><\/em><\/p>\n<\/div>\n\n\n\n<div class=\"wp-block-column is-layout-flow wp-block-column-is-layout-flow\">\n<p><em><strong>Centro Hist\u00f3rico de M\u00e1laga<br>Soho M\u00e1laga<br>La Malagueta<br>La Victoria<br>El Ejido<br>Capuchinos<br>Carretera de C\u00e1diz<br>Huelin<br>Teatinos<\/strong><\/em><\/p>\n<\/div>\n<\/div>\n\n\n\n<h3 class=\"wp-block-heading has-text-align-left\" style=\"font-size:28px\"><span class=\"wp-rich-text-font-awesome-icon wp-font-awesome-icon\"><svg aria-hidden=\"true\" focusable=\"false\" data-prefix=\"fas\" data-icon=\"store\" class=\"svg-inline--fa fa-store \" role=\"img\" xmlns=\"http:\/\/www.w3.org\/2000\/svg\" viewBox=\"0 0 512 512\" color=\"#00b409\"><path fill=\"currentColor\" d=\"M30.7 72.3C37.6 48.4 59.5 32 84.4 32l344 0c24.9 0 46.8 16.4 53.8 40.3l23.4 80.2c12.8 43.7-20.1 87.5-65.6 87.5-26.3 0-49.4-14.9-60.8-37.1-11.6 21.9-34.6 37.1-61.4 37.1-26.6 0-49.7-15-61.3-37-11.6 22-34.7 37-61.3 37-26.8 0-49.8-15.1-61.4-37.1-11.4 22.1-34.5 37.1-60.8 37.1-45.6 0-78.4-43.7-65.6-87.5L30.7 72.3zM96.4 352l320 0 0-66.4c7.6 1.6 15.5 2.4 23.5 2.4 14.3 0 28-2.6 40.5-7.2l0 151.2c0 26.5-21.5 48-48 48l-352 0c-26.5 0-48-21.5-48-48l0-151.2c12.5 4.6 26.1 7.2 40.5 7.2 8.1 0 15.9-.8 23.5-2.4l0 66.4z\"><\/path><\/svg><\/span>Me encuentro aqu\u00ed<\/h3>\n\n\n\n<iframe src=\"https:\/\/www.google.com\/maps\/embed?pb=!1m18!1m12!1m3!1d3198.177949882019!2d-4.431041124358764!3d36.71828727227053!2m3!1f0!2f0!3f0!3m2!1i1024!2i768!4f13.1!3m3!1m2!1s0xd72f7979d721951%3A0x5741b350edaf4238!2sC.%20Calvo%2C%2031%2C%20Distrito%20Centro%2C%2029007%20M%C3%A1laga!5e0!3m2!1ses!2ses!4v1775725483011!5m2!1ses!2ses\" width=\"600\" height=\"450\" style=\"border:0;\" allowfullscreen=\"\" loading=\"lazy\" referrerpolicy=\"no-referrer-when-downgrade\"><\/iframe>\n\n\n\n<div style=\"height:100px\" aria-hidden=\"true\" class=\"wp-block-spacer\"><\/div>\n\n\n\n<h3 class=\"wp-block-heading\" style=\"font-size:28px\"><span class=\"wp-rich-text-font-awesome-icon wp-font-awesome-icon\"><svg aria-hidden=\"true\" focusable=\"false\" data-prefix=\"fas\" data-icon=\"question\" class=\"svg-inline--fa fa-question \" role=\"img\" xmlns=\"http:\/\/www.w3.org\/2000\/svg\" viewBox=\"0 0 320 512\" color=\"#00b303\"><path fill=\"currentColor\" d=\"M64 160c0-53 43-96 96-96s96 43 96 96c0 42.7-27.9 78.9-66.5 91.4-28.4 9.2-61.5 35.3-61.5 76.6l0 24c0 17.7 14.3 32 32 32s32-14.3 32-32l0-24c0-1.7 .6-4.1 3.5-7.3 3-3.3 7.9-6.5 13.7-8.4 64.3-20.7 110.8-81 110.8-152.3 0-88.4-71.6-160-160-160S0 71.6 0 160c0 17.7 14.3 32 32 32s32-14.3 32-32zm96 352c22.1 0 40-17.9 40-40s-17.9-40-40-40-40 17.9-40 40 17.9 40 40 40z\"><\/path><\/svg><\/span>Si tienes alguna duda adj\u00fantala y la resolver\u00e9 sin ning\u00fan compromiso <\/h3>\n\n\n\n<div class=\"wp-block-contact-form-7-contact-form-selector\">\n<div class=\"wpcf7 no-js\" id=\"wpcf7-f35-o1\" lang=\"es-ES\" dir=\"ltr\" data-wpcf7-id=\"35\">\n<div class=\"screen-reader-response\"><p role=\"status\" aria-live=\"polite\" aria-atomic=\"true\"><\/p> <ul><\/ul><\/div>\n<form action=\"\/web\/index.php\/wp-json\/wp\/v2\/pages\/9#wpcf7-f35-o1\" method=\"post\" class=\"wpcf7-form init\" aria-label=\"Formulario de contacto\" novalidate=\"novalidate\" data-status=\"init\">\n<fieldset class=\"hidden-fields-container\"><input type=\"hidden\" name=\"_wpcf7\" value=\"35\" \/><input type=\"hidden\" name=\"_wpcf7_version\" value=\"6.1.5\" \/><input type=\"hidden\" name=\"_wpcf7_locale\" value=\"es_ES\" \/><input type=\"hidden\" name=\"_wpcf7_unit_tag\" value=\"wpcf7-f35-o1\" \/><input type=\"hidden\" name=\"_wpcf7_container_post\" value=\"0\" \/><input type=\"hidden\" name=\"_wpcf7_posted_data_hash\" value=\"\" \/>\n<\/fieldset>\n<p><label> Tu nombre<br \/>\n<span class=\"wpcf7-form-control-wrap\" data-name=\"your-name\"><input size=\"40\" maxlength=\"400\" class=\"wpcf7-form-control wpcf7-text wpcf7-validates-as-required\" autocomplete=\"name\" aria-required=\"true\" aria-invalid=\"false\" value=\"\" type=\"text\" name=\"your-name\" \/><\/span> <\/label>\n<\/p>\n<p><label> Tu correo electr\u00f3nico<br \/>\n<span class=\"wpcf7-form-control-wrap\" data-name=\"your-email\"><input size=\"40\" maxlength=\"400\" class=\"wpcf7-form-control wpcf7-email wpcf7-validates-as-required wpcf7-text wpcf7-validates-as-email\" autocomplete=\"email\" aria-required=\"true\" aria-invalid=\"false\" value=\"\" type=\"email\" name=\"your-email\" \/><\/span> <\/label>\n<\/p>\n<p><label> Asunto<br \/>\n<span class=\"wpcf7-form-control-wrap\" data-name=\"your-subject\"><input size=\"40\" maxlength=\"400\" class=\"wpcf7-form-control wpcf7-text wpcf7-validates-as-required\" aria-required=\"true\" aria-invalid=\"false\" value=\"\" type=\"text\" name=\"your-subject\" \/><\/span> <\/label>\n<\/p>\n<p><label> Tu mensaje (opcional)<br \/>\n<span class=\"wpcf7-form-control-wrap\" data-name=\"your-message\"><textarea cols=\"40\" rows=\"10\" maxlength=\"2000\" class=\"wpcf7-form-control wpcf7-textarea\" aria-invalid=\"false\" name=\"your-message\"><\/textarea><\/span> <\/label>\n<\/p>\n<p><input class=\"wpcf7-form-control wpcf7-submit has-spinner\" type=\"submit\" value=\"Enviar\" \/>\n<\/p><div class=\"wpcf7-response-output\" aria-hidden=\"true\"><\/div>\n<\/form>\n<\/div>\n<\/div>\n\n\n\n<p><\/p>\n","protected":false},"excerpt":{"rendered":"<p>Soy un cerrajero sin intermediarios , estoy disponible en toda la capital y los pueblos de alrededor , estoy listo para atender servicios urgentes de cerrajer\u00eda , cambios de cerradura , apertura de puertas y todo tipo de servicios de cerrajer\u00eda . Servicio de cerrajer\u00eda en M\u00e1laga Cerrajer\u00eda urgente en m\u00e1laga 24h los 365 d\u00edas &#8230; <a title=\"Cerrajero en M\u00e1laga servicio 24h\" class=\"read-more\" href=\"http:\/\/cerrajerodavidmalaga.es\/web\/\" aria-label=\"Leer m\u00e1s sobre Cerrajero en M\u00e1laga servicio 24h\">Leer m\u00e1s<\/a><\/p>\n","protected":false},"author":1,"featured_media":0,"parent":0,"menu_order":0,"comment_status":"closed","ping_status":"closed","template":"","meta":{"footnotes":""},"class_list":["post-9","page","type-page","status-publish"],"_links":{"self":[{"href":"http:\/\/cerrajerodavidmalaga.es\/web\/index.php\/wp-json\/wp\/v2\/pages\/9","targetHints":{"allow":["GET"]}}],"collection":[{"href":"http:\/\/cerrajerodavidmalaga.es\/web\/index.php\/wp-json\/wp\/v2\/pages"}],"about":[{"href":"http:\/\/cerrajerodavidmalaga.es\/web\/index.php\/wp-json\/wp\/v2\/types\/page"}],"author":[{"embeddable":true,"href":"http:\/\/cerrajerodavidmalaga.es\/web\/index.php\/wp-json\/wp\/v2\/users\/1"}],"replies":[{"embeddable":true,"href":"http:\/\/cerrajerodavidmalaga.es\/web\/index.php\/wp-json\/wp\/v2\/comments?post=9"}],"version-history":[{"count":19,"href":"http:\/\/cerrajerodavidmalaga.es\/web\/index.php\/wp-json\/wp\/v2\/pages\/9\/revisions"}],"predecessor-version":[{"id":82,"href":"http:\/\/cerrajerodavidmalaga.es\/web\/index.php\/wp-json\/wp\/v2\/pages\/9\/revisions\/82"}],"wp:attachment":[{"href":"http:\/\/cerrajerodavidmalaga.es\/web\/index.php\/wp-json\/wp\/v2\/media?parent=9"}],"curies":[{"name":"wp","href":"https:\/\/api.w.org\/{rel}","templated":true}]}}