{"id":52,"date":"2026-04-09T09:58:17","date_gmt":"2026-04-09T09:58:17","guid":{"rendered":"https:\/\/cerrajerodavidmalaga.es\/web\/?page_id=52"},"modified":"2026-04-09T18:17:34","modified_gmt":"2026-04-09T18:17:34","slug":"contacto","status":"publish","type":"page","link":"http:\/\/cerrajerodavidmalaga.es\/web\/index.php\/contacto\/","title":{"rendered":"Contacto"},"content":{"rendered":"\n<p>Si necesitas un cerrajero en M\u00e1laga, puedes contactar conmigo de forma r\u00e1pida y directa.<\/p>\n\n\n\n<p>Atiendo urgencias 24 horas y trabajos programados en M\u00e1laga y alrededores.<\/p>\n\n\n<p class='wp-call-button-block-button wp-call-button-block-button-center'><a class='wp-call-button-in-btn' href='tel:+34641219673' style='' ><svg x=\"0px\" y=\"0px\" width=\"459px\" height=\"459px\" viewBox=\"0 0 459 459\">\r\n\t\t\t\t<path\r\n\t\t\t\t\td=\"M91.8,198.9c35.7,71.4,96.9,130.05,168.3,168.3L316.2,311.1c7.649-7.649,17.85-10.199,25.5-5.1c28.05,10.2,58.649,15.3,91.8,15.3c15.3,0,25.5,10.2,25.5,25.5v86.7c0,15.3-10.2,25.5-25.5,25.5C193.8,459,0,265.2,0,25.5C0,10.2,10.2,0,25.5,0h89.25c15.3,0,25.5,10.2,25.5,25.5c0,30.6,5.1,61.2,15.3,91.8c2.55,7.65,0,17.85-5.1,25.5L91.8,198.9z\"\r\n\t\t\t\t\/>\r\n\t\t\t<\/svg> Llama ya<\/a><\/p>\n\n\n<p><strong>Atenci\u00f3n inmediata sin intermediarios .<\/strong><\/p>\n\n\n\n<h2 class=\"wp-block-heading\">Horario<\/h2>\n\n\n\n<p>Disponible 24 horas, todos los d\u00edas del a\u00f1o.<\/p>\n\n\n\n<p>Servicio de cerrajero urgente en M\u00e1laga y zonas cercanas.<\/p>\n\n\n\n<h2 class=\"wp-block-heading\">Si lo prefieres tambi\u00e9n puedes mandarme un correo <\/h2>\n\n\n\n<p><a href=\"mailto:daviddavid335590@gmail.com\">daviddavid335590@gmail.com<\/a><\/p>\n\n\n\n<p><\/p>\n","protected":false},"excerpt":{"rendered":"<p>Si necesitas un cerrajero en M\u00e1laga, puedes contactar conmigo de forma r\u00e1pida y directa. Atiendo urgencias 24 horas y trabajos programados en M\u00e1laga y alrededores. Atenci\u00f3n inmediata sin intermediarios . Horario Disponible 24 horas, todos los d\u00edas del a\u00f1o. Servicio de cerrajero urgente en M\u00e1laga y zonas cercanas. Si lo prefieres tambi\u00e9n puedes mandarme un &#8230; <a title=\"Contacto\" class=\"read-more\" href=\"http:\/\/cerrajerodavidmalaga.es\/web\/index.php\/contacto\/\" aria-label=\"Leer m\u00e1s sobre Contacto\">Leer m\u00e1s<\/a><\/p>\n","protected":false},"author":1,"featured_media":0,"parent":0,"menu_order":0,"comment_status":"closed","ping_status":"closed","template":"","meta":{"footnotes":""},"class_list":["post-52","page","type-page","status-publish"],"_links":{"self":[{"href":"http:\/\/cerrajerodavidmalaga.es\/web\/index.php\/wp-json\/wp\/v2\/pages\/52","targetHints":{"allow":["GET"]}}],"collection":[{"href":"http:\/\/cerrajerodavidmalaga.es\/web\/index.php\/wp-json\/wp\/v2\/pages"}],"about":[{"href":"http:\/\/cerrajerodavidmalaga.es\/web\/index.php\/wp-json\/wp\/v2\/types\/page"}],"author":[{"embeddable":true,"href":"http:\/\/cerrajerodavidmalaga.es\/web\/index.php\/wp-json\/wp\/v2\/users\/1"}],"replies":[{"embeddable":true,"href":"http:\/\/cerrajerodavidmalaga.es\/web\/index.php\/wp-json\/wp\/v2\/comments?post=52"}],"version-history":[{"count":2,"href":"http:\/\/cerrajerodavidmalaga.es\/web\/index.php\/wp-json\/wp\/v2\/pages\/52\/revisions"}],"predecessor-version":[{"id":79,"href":"http:\/\/cerrajerodavidmalaga.es\/web\/index.php\/wp-json\/wp\/v2\/pages\/52\/revisions\/79"}],"wp:attachment":[{"href":"http:\/\/cerrajerodavidmalaga.es\/web\/index.php\/wp-json\/wp\/v2\/media?parent=52"}],"curies":[{"name":"wp","href":"https:\/\/api.w.org\/{rel}","templated":true}]}}