{"id":51,"date":"2026-04-09T09:58:17","date_gmt":"2026-04-09T09:58:17","guid":{"rendered":"https:\/\/cerrajerodavidmalaga.es\/web\/?page_id=51"},"modified":"2026-04-09T18:19:56","modified_gmt":"2026-04-09T18:19:56","slug":"quien-soy","status":"publish","type":"page","link":"http:\/\/cerrajerodavidmalaga.es\/web\/index.php\/quien-soy\/","title":{"rendered":"Qui\u00e9n soy"},"content":{"rendered":"\n<p>Soy David, profesional de la cerrajer\u00eda con m\u00e1s de 10 a\u00f1os de experiencia ofreciendo servicios de <strong>cerrajero en M\u00e1laga<\/strong>, tanto urgentes como trabajos programados.<\/p>\n\n\n\n<p>Aunque soy de Granada, llevo a\u00f1os trabajando en M\u00e1laga, ayudando a personas que necesitan un cerrajero r\u00e1pido, eficaz y, sobre todo, de confianza.<\/p>\n\n\n\n<p>Este oficio para m\u00ed no es solo un trabajo. Es una responsabilidad. Cuando alguien me llama, normalmente est\u00e1 en una situaci\u00f3n urgente: se ha dejado las llaves dentro, ha perdido el acceso a su vivienda o necesita mejorar la seguridad de su casa. Y ah\u00ed es donde entro yo.<\/p>\n\n\n\n<h2 class=\"wp-block-heading\"><span class=\"wp-rich-text-font-awesome-icon wp-font-awesome-icon\"><svg aria-hidden=\"true\" focusable=\"false\" data-prefix=\"fas\" data-icon=\"user\" class=\"svg-inline--fa fa-user \" role=\"img\" xmlns=\"http:\/\/www.w3.org\/2000\/svg\" viewBox=\"0 0 448 512\" color=\"#03b700\"><path fill=\"currentColor\" d=\"M224 248a120 120 0 1 0 0-240 120 120 0 1 0 0 240zm-29.7 56C95.8 304 16 383.8 16 482.3 16 498.7 29.3 512 45.7 512l356.6 0c16.4 0 29.7-13.3 29.7-29.7 0-98.5-79.8-178.3-178.3-178.3l-59.4 0z\"><\/path><\/svg><\/span>M\u00e1s de 10 a\u00f1os como cerrajero urgente en M\u00e1laga<\/h2>\n\n\n\n<p>A lo largo de mi experiencia he realizado todo tipo de servicios de <strong>cerrajer\u00eda en M\u00e1laga<\/strong>:<\/p>\n\n\n\n<ul class=\"wp-block-list\">\n<li>Apertura de puertas sin romper<\/li>\n\n\n\n<li>Cambio de cerraduras y bombines<\/li>\n\n\n\n<li>Reparaci\u00f3n de cerraduras da\u00f1adas<\/li>\n\n\n\n<li>Instalaci\u00f3n de sistemas de seguridad<\/li>\n\n\n\n<li>Servicios de cerrajero 24 horas en M\u00e1laga<\/li>\n<\/ul>\n\n\n\n<p>Trabajo tanto en viviendas como en negocios y comunidades, adapt\u00e1ndome a cada situaci\u00f3n para dar la mejor soluci\u00f3n posible.<\/p>\n\n\n\n<h2 class=\"wp-block-heading\"><span class=\"wp-rich-text-font-awesome-icon wp-font-awesome-icon\"><svg aria-hidden=\"true\" focusable=\"false\" data-prefix=\"fas\" data-icon=\"lock\" class=\"svg-inline--fa fa-lock \" role=\"img\" xmlns=\"http:\/\/www.w3.org\/2000\/svg\" viewBox=\"0 0 384 512\" color=\"#00c131\"><path fill=\"currentColor\" d=\"M128 96l0 64 128 0 0-64c0-35.3-28.7-64-64-64s-64 28.7-64 64zM64 160l0-64C64 25.3 121.3-32 192-32S320 25.3 320 96l0 64c35.3 0 64 28.7 64 64l0 224c0 35.3-28.7 64-64 64L64 512c-35.3 0-64-28.7-64-64L0 224c0-35.3 28.7-64 64-64z\"><\/path><\/svg><\/span>Cerrajero econ\u00f3mico en M\u00e1laga, sin sorpresas<\/h2>\n\n\n\n<p>Uno de los problemas m\u00e1s habituales en este sector es la falta de transparencia. Por eso, mi forma de trabajar es clara desde el primer momento:<\/p>\n\n\n\n<ul class=\"wp-block-list\">\n<li>Te explico qu\u00e9 ocurre antes de hacer nada<\/li>\n\n\n\n<li>Te doy un precio cerrado antes de empezar<\/li>\n\n\n\n<li>No hay costes ocultos ni cambios de \u00faltima hora<\/li>\n<\/ul>\n\n\n\n<p>Mi objetivo es que sepas exactamente qu\u00e9 est\u00e1s pagando y por qu\u00e9.<\/p>\n\n\n\n<h2 class=\"wp-block-heading\"><span class=\"wp-rich-text-font-awesome-icon wp-font-awesome-icon\"><svg aria-hidden=\"true\" focusable=\"false\" data-prefix=\"fas\" data-icon=\"tty\" class=\"svg-inline--fa fa-tty \" role=\"img\" xmlns=\"http:\/\/www.w3.org\/2000\/svg\" viewBox=\"0 0 512 512\" color=\"#00c417\"><path fill=\"currentColor\" d=\"M450.2 266.8c15.8 6.5 34.1 .3 42.6-14.6l2.4-4.2c27.9-48.9 23.6-118.8-31.3-154.5-126-82-289.6-82-415.6 0-54.9 35.7-59.3 105.7-31.3 154.5l2.4 4.2c8.5 14.9 26.7 21.1 42.6 14.6l81.9-33.7c13.9-5.7 22.4-19.9 20.9-34.9l-5.1-51c62.5-21 130.8-19.9 192.6 3.3l-4.8 47.7c-1.5 15 7 29.2 20.9 34.9l81.9 33.7zM32 352a32 32 0 1 0 64 0 32 32 0 1 0 -64 0zm96 0a32 32 0 1 0 64 0 32 32 0 1 0 -64 0zM64 416a32 32 0 1 0 0 64 32 32 0 1 0 0-64zm352 32a32 32 0 1 0 64 0 32 32 0 1 0 -64 0zM256 320a32 32 0 1 0 0 64 32 32 0 1 0 0-64zm64 32a32 32 0 1 0 64 0 32 32 0 1 0 -64 0zm128-32a32 32 0 1 0 0 64 32 32 0 1 0 0-64zM128 448c0 17.7 14.3 32 32 32l192 0c17.7 0 32-14.3 32-32s-14.3-32-32-32l-192 0c-17.7 0-32 14.3-32 32z\"><\/path><\/svg><\/span>Trato directo, sin intermediarios<\/h2>\n\n\n\n<p>Cuando llamas a <strong>Cerrajero David M\u00e1laga<\/strong>, hablas directamente conmigo.<\/p>\n\n\n\n<p>No hay centralitas ni empresas intermediarias. Soy yo quien atiende la llamada y quien acude al servicio.<\/p>\n\n\n\n<p>Esto me permite ofrecer un trato m\u00e1s cercano, r\u00e1pido y responsable en cada trabajo.<\/p>\n\n\n\n<h2 class=\"wp-block-heading\"><span class=\"wp-rich-text-font-awesome-icon wp-font-awesome-icon\"><svg aria-hidden=\"true\" focusable=\"false\" data-prefix=\"fas\" data-icon=\"share\" class=\"svg-inline--fa fa-share \" role=\"img\" xmlns=\"http:\/\/www.w3.org\/2000\/svg\" viewBox=\"0 0 512 512\" color=\"#00c511\"><path fill=\"currentColor\" d=\"M307.8 18.4c-12 5-19.8 16.6-19.8 29.6l0 80-112 0c-97.2 0-176 78.8-176 176 0 113.3 81.5 163.9 100.2 174.1 2.5 1.4 5.3 1.9 8.1 1.9 10.9 0 19.7-8.9 19.7-19.7 0-7.5-4.3-14.4-9.8-19.5-9.4-8.8-22.2-26.4-22.2-56.7 0-53 43-96 96-96l96 0 0 80c0 12.9 7.8 24.6 19.8 29.6s25.7 2.2 34.9-6.9l160-160c12.5-12.5 12.5-32.8 0-45.3l-160-160c-9.2-9.2-22.9-11.9-34.9-6.9z\"><\/path><\/svg><\/span>Servicio r\u00e1pido de cerrajero en M\u00e1laga<\/h2>\n\n\n\n<p>S\u00e9 que en muchas ocasiones el tiempo es clave. Por eso ofrezco un servicio de <strong>cerrajero urgente en M\u00e1laga<\/strong>, intentando llegar lo antes posible y solucionar el problema en el momento.<\/p>\n\n\n\n<p>Siempre que es posible, trabajo para abrir puertas sin causar da\u00f1os, evitando gastos innecesarios.<\/p>\n\n\n\n<h2 class=\"wp-block-heading\"><span class=\"wp-rich-text-font-awesome-icon wp-font-awesome-icon\"><svg aria-hidden=\"true\" focusable=\"false\" data-prefix=\"fas\" data-icon=\"key\" class=\"svg-inline--fa fa-key \" role=\"img\" xmlns=\"http:\/\/www.w3.org\/2000\/svg\" viewBox=\"0 0 512 512\" color=\"#09b400\"><path fill=\"currentColor\" d=\"M336 352c97.2 0 176-78.8 176-176S433.2 0 336 0 160 78.8 160 176c0 18.7 2.9 36.8 8.3 53.7L7 391c-4.5 4.5-7 10.6-7 17l0 80c0 13.3 10.7 24 24 24l80 0c13.3 0 24-10.7 24-24l0-40 40 0c13.3 0 24-10.7 24-24l0-40 40 0c6.4 0 12.5-2.5 17-7l33.3-33.3c16.9 5.4 35 8.3 53.7 8.3zM376 96a40 40 0 1 1 0 80 40 40 0 1 1 0-80z\"><\/path><\/svg><\/span>Un cerrajero de confianza en M\u00e1laga<\/h2>\n\n\n\n<p>Despu\u00e9s de m\u00e1s de 10 a\u00f1os en el sector, sigo trabajando con la misma idea con la que empec\u00e9: hacer bien mi trabajo y que el cliente quede satisfecho.<\/p>\n\n\n\n<p>Porque al final, la mejor publicidad es un cliente contento que vuelve a llamar o te recomienda.<\/p>\n\n\n\n<hr class=\"wp-block-separator has-alpha-channel-opacity\"\/>\n\n\n\n<p>Si buscas un <strong>cerrajero en M\u00e1laga 24 horas<\/strong>, econ\u00f3mico y con experiencia, puedes contar conmigo.<\/p>\n","protected":false},"excerpt":{"rendered":"<p>Soy David, profesional de la cerrajer\u00eda con m\u00e1s de 10 a\u00f1os de experiencia ofreciendo servicios de cerrajero en M\u00e1laga, tanto urgentes como trabajos programados. Aunque soy de Granada, llevo a\u00f1os trabajando en M\u00e1laga, ayudando a personas que necesitan un cerrajero r\u00e1pido, eficaz y, sobre todo, de confianza. Este oficio para m\u00ed no es solo un &#8230; <a title=\"Qui\u00e9n soy\" class=\"read-more\" href=\"http:\/\/cerrajerodavidmalaga.es\/web\/index.php\/quien-soy\/\" aria-label=\"Leer m\u00e1s sobre Qui\u00e9n soy\">Leer m\u00e1s<\/a><\/p>\n","protected":false},"author":1,"featured_media":0,"parent":0,"menu_order":0,"comment_status":"closed","ping_status":"closed","template":"","meta":{"footnotes":""},"class_list":["post-51","page","type-page","status-publish"],"_links":{"self":[{"href":"http:\/\/cerrajerodavidmalaga.es\/web\/index.php\/wp-json\/wp\/v2\/pages\/51","targetHints":{"allow":["GET"]}}],"collection":[{"href":"http:\/\/cerrajerodavidmalaga.es\/web\/index.php\/wp-json\/wp\/v2\/pages"}],"about":[{"href":"http:\/\/cerrajerodavidmalaga.es\/web\/index.php\/wp-json\/wp\/v2\/types\/page"}],"author":[{"embeddable":true,"href":"http:\/\/cerrajerodavidmalaga.es\/web\/index.php\/wp-json\/wp\/v2\/users\/1"}],"replies":[{"embeddable":true,"href":"http:\/\/cerrajerodavidmalaga.es\/web\/index.php\/wp-json\/wp\/v2\/comments?post=51"}],"version-history":[{"count":4,"href":"http:\/\/cerrajerodavidmalaga.es\/web\/index.php\/wp-json\/wp\/v2\/pages\/51\/revisions"}],"predecessor-version":[{"id":81,"href":"http:\/\/cerrajerodavidmalaga.es\/web\/index.php\/wp-json\/wp\/v2\/pages\/51\/revisions\/81"}],"wp:attachment":[{"href":"http:\/\/cerrajerodavidmalaga.es\/web\/index.php\/wp-json\/wp\/v2\/media?parent=51"}],"curies":[{"name":"wp","href":"https:\/\/api.w.org\/{rel}","templated":true}]}}