{"id":50,"date":"2026-04-09T09:58:17","date_gmt":"2026-04-09T09:58:17","guid":{"rendered":"https:\/\/cerrajerodavidmalaga.es\/web\/?page_id=50"},"modified":"2026-04-09T17:30:44","modified_gmt":"2026-04-09T17:30:44","slug":"zonas","status":"publish","type":"page","link":"http:\/\/cerrajerodavidmalaga.es\/web\/index.php\/zonas\/","title":{"rendered":"Zonas"},"content":{"rendered":"\n<p>En Cerrajero David M\u00e1laga ofrezco servicio en toda la ciudad y zonas cercanas, llegando de forma r\u00e1pida tanto a urgencias como a trabajos programados.<\/p>\n\n\n\n<p>Trabajo principalmente como cerrajero en M\u00e1laga centro, pero tambi\u00e9n me desplazo a barrios cercanos y municipios de alrededor para ofrecer un servicio r\u00e1pido, eficaz y sin esperas innecesarias.<\/p>\n\n\n\n<h2 class=\"wp-block-heading\"><span class=\"wp-rich-text-font-awesome-icon wp-font-awesome-icon\"><svg aria-hidden=\"true\" focusable=\"false\" data-prefix=\"fas\" data-icon=\"street-view\" class=\"svg-inline--fa fa-street-view \" role=\"img\" xmlns=\"http:\/\/www.w3.org\/2000\/svg\" viewBox=\"0 0 512 512\" color=\"#03b600\"><path fill=\"currentColor\" d=\"M256 0a64 64 0 1 1 0 128 64 64 0 1 1 0-128zM224 160l64 0c35.3 0 64 28.7 64 64l0 48c0 17.7-14.3 32-32 32l-1.8 0-11.1 99.5c-1.8 16.2-15.5 28.5-31.8 28.5l-38.7 0c-16.3 0-30-12.3-31.8-28.5l-11.1-99.5-1.8 0c-17.7 0-32-14.3-32-32l0-48c0-35.3 28.7-64 64-64zM412.4 400.2c-16.1-4.2-34.8-7.6-55.4-10.2l5.3-47.7c22.7 2.9 43.7 6.7 62.1 11.5 22.4 5.8 42.6 13.3 57.8 23.3 14.7 9.6 29.8 24.9 29.8 47s-15.1 37.4-29.8 47c-15.2 9.9-35.5 17.5-57.8 23.3-45.1 11.7-105.3 17.8-168.4 17.8s-123.3-6.1-168.4-17.8C65.2 488.4 45 480.9 29.8 471 15.1 461.4 0 446.1 0 424s15.1-37.4 29.8-47c15.2-9.9 35.5-17.5 57.8-23.3 18.5-4.8 39.5-8.6 62.1-11.5L155 390c-20.6 2.6-39.3 6.1-55.4 10.2-56.6 14.6-56.6 32.9 0 47.5 39.9 10.3 95.8 16.2 156.4 16.2s116.5-5.9 156.4-16.2c56.6-14.6 56.6-32.9 0-47.5z\"><\/path><\/svg><\/span>Barrios de M\u00e1laga donde trabajo<\/h2>\n\n\n\n<ul class=\"wp-block-list\">\n<li>Centro Hist\u00f3rico de M\u00e1laga<\/li>\n\n\n\n<li>Soho M\u00e1laga<\/li>\n\n\n\n<li>La Malagueta<\/li>\n\n\n\n<li>La Victoria<\/li>\n\n\n\n<li>El Ejido<\/li>\n\n\n\n<li>Capuchinos<\/li>\n\n\n\n<li>Martiricos<\/li>\n\n\n\n<li>Bail\u00e9n-Miraflores<\/li>\n\n\n\n<li>Ciudad Jard\u00edn<\/li>\n\n\n\n<li>Carretera de C\u00e1diz<\/li>\n\n\n\n<li>Huelin<\/li>\n\n\n\n<li>La Princesa<\/li>\n\n\n\n<li>La Luz<\/li>\n\n\n\n<li>Teatinos<\/li>\n\n\n\n<li>El Palo<\/li>\n\n\n\n<li>Pedregalejo<\/li>\n\n\n\n<li>El Limonar<\/li>\n\n\n\n<li>Cerrado de Calder\u00f3n<\/li>\n<\/ul>\n\n\n\n<h2 class=\"wp-block-heading\"><span class=\"wp-rich-text-font-awesome-icon wp-font-awesome-icon\"><svg aria-hidden=\"true\" focusable=\"false\" data-prefix=\"fas\" data-icon=\"key\" class=\"svg-inline--fa fa-key \" role=\"img\" xmlns=\"http:\/\/www.w3.org\/2000\/svg\" viewBox=\"0 0 512 512\" color=\"#00c718\"><path fill=\"currentColor\" d=\"M336 352c97.2 0 176-78.8 176-176S433.2 0 336 0 160 78.8 160 176c0 18.7 2.9 36.8 8.3 53.7L7 391c-4.5 4.5-7 10.6-7 17l0 80c0 13.3 10.7 24 24 24l80 0c13.3 0 24-10.7 24-24l0-40 40 0c13.3 0 24-10.7 24-24l0-40 40 0c6.4 0 12.5-2.5 17-7l33.3-33.3c16.9 5.4 35 8.3 53.7 8.3zM376 96a40 40 0 1 1 0 80 40 40 0 1 1 0-80z\"><\/path><\/svg><\/span>Cerrajero en M\u00e1laga y pueblos cercanos<\/h2>\n\n\n\n<p>Tambi\u00e9n me desplazo a municipios cercanos a M\u00e1laga capital, especialmente cuando se trata de servicios urgentes o trabajos concertados.<\/p>\n\n\n\n<p>Algunas de las zonas donde trabajo habitualmente son:<\/p>\n\n\n\n<ul class=\"wp-block-list\">\n<li>Torremolinos<\/li>\n\n\n\n<li>Benalm\u00e1dena<\/li>\n\n\n\n<li>Alhaur\u00edn de la Torre<\/li>\n\n\n\n<li>C\u00e1rtama<\/li>\n\n\n\n<li>Campanillas<\/li>\n\n\n\n<li>Churriana<\/li>\n\n\n\n<li>Rinc\u00f3n de la Victoria<\/li>\n<\/ul>\n\n\n\n<h2 class=\"wp-block-heading\"><span class=\"wp-rich-text-font-awesome-icon wp-font-awesome-icon\"><svg aria-hidden=\"true\" focusable=\"false\" data-prefix=\"fas\" data-icon=\"lock\" class=\"svg-inline--fa fa-lock \" role=\"img\" xmlns=\"http:\/\/www.w3.org\/2000\/svg\" viewBox=\"0 0 384 512\" color=\"#00ba09\"><path fill=\"currentColor\" d=\"M128 96l0 64 128 0 0-64c0-35.3-28.7-64-64-64s-64 28.7-64 64zM64 160l0-64C64 25.3 121.3-32 192-32S320 25.3 320 96l0 64c35.3 0 64 28.7 64 64l0 224c0 35.3-28.7 64-64 64L64 512c-35.3 0-64-28.7-64-64L0 224c0-35.3 28.7-64 64-64z\"><\/path><\/svg><\/span>Servicio de cerrajero urgente en M\u00e1laga 24 horas<\/h2>\n\n\n\n<p>Ofrezco servicio de cerrajero urgente en M\u00e1laga 24 horas, intentando llegar lo antes posible en cada aviso.<\/p>\n\n\n\n<p>Ya sea en el centro, en barrios o en pueblos cercanos, el objetivo es el mismo: solucionar el problema en el momento y con la mayor rapidez posible.<\/p>\n\n\n\n<h2 class=\"wp-block-heading\"><span class=\"wp-rich-text-font-awesome-icon wp-font-awesome-icon\"><svg aria-hidden=\"true\" focusable=\"false\" data-prefix=\"fas\" data-icon=\"user\" class=\"svg-inline--fa fa-user \" role=\"img\" xmlns=\"http:\/\/www.w3.org\/2000\/svg\" viewBox=\"0 0 448 512\" color=\"#00b328\"><path fill=\"currentColor\" d=\"M224 248a120 120 0 1 0 0-240 120 120 0 1 0 0 240zm-29.7 56C95.8 304 16 383.8 16 482.3 16 498.7 29.3 512 45.7 512l356.6 0c16.4 0 29.7-13.3 29.7-29.7 0-98.5-79.8-178.3-178.3-178.3l-59.4 0z\"><\/path><\/svg><\/span>Cerrajero David M\u00e1laga \u2013 Servicio r\u00e1pido y de confianza<\/h2>\n\n\n\n<p>Si necesitas un cerrajero en M\u00e1laga centro o en cualquier zona cercana, puedes contar conmigo.<\/p>\n\n\n\n<p>Trabajo sin intermediarios, con precios claros desde el principio y m\u00e1s de 10 a\u00f1os de experiencia en el sector.<\/p>\n\n\n\n<p>Atiendo urgencias todos los d\u00edas y me desplazo r\u00e1pidamente a cualquier punto de M\u00e1laga y alrededores.<\/p>\n\n\n\n<p><\/p>\n","protected":false},"excerpt":{"rendered":"<p>En Cerrajero David M\u00e1laga ofrezco servicio en toda la ciudad y zonas cercanas, llegando de forma r\u00e1pida tanto a urgencias como a trabajos programados. Trabajo principalmente como cerrajero en M\u00e1laga centro, pero tambi\u00e9n me desplazo a barrios cercanos y municipios de alrededor para ofrecer un servicio r\u00e1pido, eficaz y sin esperas innecesarias. Barrios de M\u00e1laga &#8230; <a title=\"Zonas\" class=\"read-more\" href=\"http:\/\/cerrajerodavidmalaga.es\/web\/index.php\/zonas\/\" aria-label=\"Leer m\u00e1s sobre Zonas\">Leer m\u00e1s<\/a><\/p>\n","protected":false},"author":1,"featured_media":0,"parent":0,"menu_order":0,"comment_status":"closed","ping_status":"closed","template":"","meta":{"footnotes":""},"class_list":["post-50","page","type-page","status-publish"],"_links":{"self":[{"href":"http:\/\/cerrajerodavidmalaga.es\/web\/index.php\/wp-json\/wp\/v2\/pages\/50","targetHints":{"allow":["GET"]}}],"collection":[{"href":"http:\/\/cerrajerodavidmalaga.es\/web\/index.php\/wp-json\/wp\/v2\/pages"}],"about":[{"href":"http:\/\/cerrajerodavidmalaga.es\/web\/index.php\/wp-json\/wp\/v2\/types\/page"}],"author":[{"embeddable":true,"href":"http:\/\/cerrajerodavidmalaga.es\/web\/index.php\/wp-json\/wp\/v2\/users\/1"}],"replies":[{"embeddable":true,"href":"http:\/\/cerrajerodavidmalaga.es\/web\/index.php\/wp-json\/wp\/v2\/comments?post=50"}],"version-history":[{"count":3,"href":"http:\/\/cerrajerodavidmalaga.es\/web\/index.php\/wp-json\/wp\/v2\/pages\/50\/revisions"}],"predecessor-version":[{"id":75,"href":"http:\/\/cerrajerodavidmalaga.es\/web\/index.php\/wp-json\/wp\/v2\/pages\/50\/revisions\/75"}],"wp:attachment":[{"href":"http:\/\/cerrajerodavidmalaga.es\/web\/index.php\/wp-json\/wp\/v2\/media?parent=50"}],"curies":[{"name":"wp","href":"https:\/\/api.w.org\/{rel}","templated":true}]}}