{"id":49,"date":"2026-04-09T09:58:17","date_gmt":"2026-04-09T09:58:17","guid":{"rendered":"https:\/\/cerrajerodavidmalaga.es\/web\/?page_id=49"},"modified":"2026-04-09T18:09:29","modified_gmt":"2026-04-09T18:09:29","slug":"servicios","status":"publish","type":"page","link":"http:\/\/cerrajerodavidmalaga.es\/web\/index.php\/servicios\/","title":{"rendered":"Servicios"},"content":{"rendered":"\n<p>En Cerrajero David M\u00e1laga ofrezco todo tipo de servicios de cerrajer\u00eda en M\u00e1laga y alrededores, tanto urgentes como trabajos programados.<\/p>\n\n\n\n<p>Trabajo las 24 horas en M\u00e1laga capital y en pueblos cercanos como Torremolinos, Benalm\u00e1dena o Fuengirola, llegando normalmente en unos 20 minutos desde que recibo el aviso.<\/p>\n\n\n\n<p>El objetivo es claro: darte una soluci\u00f3n r\u00e1pida, eficaz y sin complicaciones.<\/p>\n\n\n\n<h2 class=\"wp-block-heading\"><span class=\"wp-rich-text-font-awesome-icon wp-font-awesome-icon\"><svg aria-hidden=\"true\" focusable=\"false\" data-prefix=\"fas\" data-icon=\"door-open\" class=\"svg-inline--fa fa-door-open \" role=\"img\" xmlns=\"http:\/\/www.w3.org\/2000\/svg\" viewBox=\"0 0 448 512\" color=\"#1ec500\"><path fill=\"currentColor\" d=\"M288 64l64 0 0 416c0 17.7 14.3 32 32 32l32 0c17.7 0 32-14.3 32-32s-14.3-32-32-32l0-384c0-35.3-28.7-64-64-64l-96 0 0 0-160 0C60.7 0 32 28.7 32 64l0 384c-17.7 0-32 14.3-32 32s14.3 32 32 32l224 0c17.7 0 32-14.3 32-32l0-416zM160 256a32 32 0 1 1 64 0 32 32 0 1 1 -64 0z\"><\/path><\/svg><\/span>Apertura de puertas sin da\u00f1os<\/h2>\n\n\n\n<p>Realizo aperturas de puertas en M\u00e1laga intentando siempre no da\u00f1ar la cerradura ni la puerta.<\/p>\n\n\n\n<p>Gracias a m\u00e1s de 10 a\u00f1os de experiencia y al uso de herramientas profesionales, en la mayor\u00eda de los casos consigo abrir sin romper. Solo en situaciones muy concretas es necesario intervenir de forma m\u00e1s avanzada.<\/p>\n\n\n\n<p>Si te has quedado fuera de casa o has perdido las llaves, puedo ayudarte de forma r\u00e1pida y segura.<\/p>\n\n\n\n<h2 class=\"wp-block-heading\"><span class=\"wp-rich-text-font-awesome-icon wp-font-awesome-icon\"><svg aria-hidden=\"true\" focusable=\"false\" data-prefix=\"fas\" data-icon=\"key\" class=\"svg-inline--fa fa-key \" role=\"img\" xmlns=\"http:\/\/www.w3.org\/2000\/svg\" viewBox=\"0 0 512 512\" color=\"#1dbc00\"><path fill=\"currentColor\" d=\"M336 352c97.2 0 176-78.8 176-176S433.2 0 336 0 160 78.8 160 176c0 18.7 2.9 36.8 8.3 53.7L7 391c-4.5 4.5-7 10.6-7 17l0 80c0 13.3 10.7 24 24 24l80 0c13.3 0 24-10.7 24-24l0-40 40 0c13.3 0 24-10.7 24-24l0-40 40 0c6.4 0 12.5-2.5 17-7l33.3-33.3c16.9 5.4 35 8.3 53.7 8.3zM376 96a40 40 0 1 1 0 80 40 40 0 1 1 0-80z\"><\/path><\/svg><\/span>Cambio de cerraduras en M\u00e1laga<\/h2>\n\n\n\n<p>Realizo cambio de cerraduras en M\u00e1laga adapt\u00e1ndome a cada tipo de puerta y necesidad.<\/p>\n\n\n\n<p>Ya sea por p\u00e9rdida de llaves, mudanza o por seguridad, te asesoro sobre la mejor opci\u00f3n y realizo la instalaci\u00f3n de forma r\u00e1pida.<\/p>\n\n\n\n<p>Trabajo con todo tipo de cerraduras y bombines del mercado.<\/p>\n\n\n\n<h2 class=\"wp-block-heading\"><span class=\"wp-rich-text-font-awesome-icon wp-font-awesome-icon\"><svg aria-hidden=\"true\" focusable=\"false\" data-prefix=\"fas\" data-icon=\"lock\" class=\"svg-inline--fa fa-lock \" role=\"img\" xmlns=\"http:\/\/www.w3.org\/2000\/svg\" viewBox=\"0 0 384 512\" color=\"#00c40a\"><path fill=\"currentColor\" d=\"M128 96l0 64 128 0 0-64c0-35.3-28.7-64-64-64s-64 28.7-64 64zM64 160l0-64C64 25.3 121.3-32 192-32S320 25.3 320 96l0 64c35.3 0 64 28.7 64 64l0 224c0 35.3-28.7 64-64 64L64 512c-35.3 0-64-28.7-64-64L0 224c0-35.3 28.7-64 64-64z\"><\/path><\/svg><\/span>Instalaci\u00f3n de cerraduras de seguridad<\/h2>\n\n\n\n<p>Instalo cerraduras de seguridad de \u00faltima generaci\u00f3n para mejorar la protecci\u00f3n de tu vivienda o negocio.<\/p>\n\n\n\n<p>Trabajo con sistemas antibumping, antitaladro, antirotura, antiextracci\u00f3n y antiganz\u00faa, aumentando considerablemente la seguridad frente a intentos de robo.<\/p>\n\n\n\n<p>Si quieres reforzar tu puerta, puedo recomendarte la mejor opci\u00f3n seg\u00fan tu caso.<\/p>\n\n\n\n<h2 class=\"wp-block-heading\"><span class=\"wp-rich-text-font-awesome-icon wp-font-awesome-icon\"><svg aria-hidden=\"true\" focusable=\"false\" data-prefix=\"fas\" data-icon=\"comment\" class=\"svg-inline--fa fa-comment \" role=\"img\" xmlns=\"http:\/\/www.w3.org\/2000\/svg\" viewBox=\"0 0 512 512\" color=\"#10b700\"><path fill=\"currentColor\" d=\"M512 240c0 132.5-114.6 240-256 240-37.1 0-72.3-7.4-104.1-20.7L33.5 510.1c-9.4 4-20.2 1.7-27.1-5.8S-2 485.8 2.8 476.8l48.8-92.2C19.2 344.3 0 294.3 0 240 0 107.5 114.6 0 256 0S512 107.5 512 240z\"><\/path><\/svg><\/span>Asesoramiento en seguridad<\/h2>\n\n\n\n<p>Despu\u00e9s de muchos a\u00f1os como cerrajero de urgencia en M\u00e1laga, conozco bien los m\u00e9todos m\u00e1s habituales que utilizan para forzar cerraduras.<\/p>\n\n\n\n<p>Por eso, ofrezco asesoramiento personalizado para mejorar la seguridad de tu vivienda, comunidad o negocio, explicando de forma clara qu\u00e9 opciones tienes y cu\u00e1l es la m\u00e1s recomendable.<\/p>\n\n\n\n<h2 class=\"wp-block-heading\"><span class=\"wp-rich-text-font-awesome-icon wp-font-awesome-icon\"><svg aria-hidden=\"true\" focusable=\"false\" data-prefix=\"fas\" data-icon=\"meteor\" class=\"svg-inline--fa fa-meteor \" role=\"img\" xmlns=\"http:\/\/www.w3.org\/2000\/svg\" viewBox=\"0 0 512 512\" color=\"#00b30f\"><path fill=\"currentColor\" d=\"M493.7 .9l-194.2 74.7 2.3-29.3c1-12.8-12.8-21.5-24-15.1L101.3 133.4C38.6 169.7 0 236.6 0 309 0 421.1 90.9 512 203 512 275.4 512 342.3 473.4 378.6 410.7L480.8 234.3c6.5-11.1-2.2-25-15.1-24l-29.3 2.3 74.7-194.2c.6-1.5 .9-3.2 .9-4.8 0-7.5-6-13.5-13.5-13.5-1.7 0-3.3 .3-4.8 .9zM192 192a128 128 0 1 1 0 256 128 128 0 1 1 0-256zm0 96a32 32 0 1 0 -64 0 32 32 0 1 0 64 0zm16 96a16 16 0 1 0 0-32 16 16 0 1 0 0 32z\"><\/path><\/svg><\/span>Cerrajero urgente en M\u00e1laga 24 horas<\/h2>\n\n\n\n<p>Ofrezco servicio de cerrajero urgente en M\u00e1laga 24 horas, todos los d\u00edas del a\u00f1o.<\/p>\n\n\n\n<p>Atiendo avisos en M\u00e1laga centro, barrios y pueblos cercanos, desplaz\u00e1ndome lo m\u00e1s r\u00e1pido posible para solucionar el problema en el momento.<\/p>\n\n\n\n<p>La mayor\u00eda de incidencias quedan resueltas en la misma visita.<\/p>\n\n\n\n<h2 class=\"wp-block-heading\"><span class=\"wp-rich-text-font-awesome-icon wp-font-awesome-icon\"><svg aria-hidden=\"true\" focusable=\"false\" data-prefix=\"fas\" data-icon=\"arrow-right\" class=\"svg-inline--fa fa-arrow-right \" role=\"img\" xmlns=\"http:\/\/www.w3.org\/2000\/svg\" viewBox=\"0 0 512 512\" color=\"#0ac000\"><path fill=\"currentColor\" d=\"M502.6 278.6c12.5-12.5 12.5-32.8 0-45.3l-160-160c-12.5-12.5-32.8-12.5-45.3 0s-12.5 32.8 0 45.3L402.7 224 32 224c-17.7 0-32 14.3-32 32s14.3 32 32 32l370.7 0-105.4 105.4c-12.5 12.5-12.5 32.8 0 45.3s32.8 12.5 45.3 0l160-160z\"><\/path><\/svg><\/span>Cerrajero econ\u00f3mico en M\u00e1laga<\/h2>\n\n\n\n<p>Trabajo con precios ajustados y siempre informo del coste antes de empezar.<\/p>\n\n\n\n<p>Sin sorpresas, sin costes ocultos. Solo un servicio profesional, r\u00e1pido y de confianza.<\/p>\n\n\n\n<p>Mi objetivo es ofrecer un servicio de cerrajer\u00eda en M\u00e1laga que sea accesible y de calidad.<\/p>\n\n\n\n<div style=\"height:100px\" aria-hidden=\"true\" class=\"wp-block-spacer\"><\/div>\n\n\n\n<p>Si necesitas un cerrajero en M\u00e1laga 24 horas, ya sea para una urgencia o un trabajo programado, puedes contar conmigo.<\/p>\n\n\n\n<p>Atiendo r\u00e1pidamente en M\u00e1laga y alrededores, con m\u00e1s de 10 a\u00f1os de experiencia y trato directo sin intermediarios.<\/p>\n\n\n\n<p><\/p>\n","protected":false},"excerpt":{"rendered":"<p>En Cerrajero David M\u00e1laga ofrezco todo tipo de servicios de cerrajer\u00eda en M\u00e1laga y alrededores, tanto urgentes como trabajos programados. Trabajo las 24 horas en M\u00e1laga capital y en pueblos cercanos como Torremolinos, Benalm\u00e1dena o Fuengirola, llegando normalmente en unos 20 minutos desde que recibo el aviso. El objetivo es claro: darte una soluci\u00f3n r\u00e1pida, &#8230; <a title=\"Servicios\" class=\"read-more\" href=\"http:\/\/cerrajerodavidmalaga.es\/web\/index.php\/servicios\/\" aria-label=\"Leer m\u00e1s sobre Servicios\">Leer m\u00e1s<\/a><\/p>\n","protected":false},"author":1,"featured_media":0,"parent":0,"menu_order":0,"comment_status":"closed","ping_status":"closed","template":"","meta":{"footnotes":""},"class_list":["post-49","page","type-page","status-publish"],"_links":{"self":[{"href":"http:\/\/cerrajerodavidmalaga.es\/web\/index.php\/wp-json\/wp\/v2\/pages\/49","targetHints":{"allow":["GET"]}}],"collection":[{"href":"http:\/\/cerrajerodavidmalaga.es\/web\/index.php\/wp-json\/wp\/v2\/pages"}],"about":[{"href":"http:\/\/cerrajerodavidmalaga.es\/web\/index.php\/wp-json\/wp\/v2\/types\/page"}],"author":[{"embeddable":true,"href":"http:\/\/cerrajerodavidmalaga.es\/web\/index.php\/wp-json\/wp\/v2\/users\/1"}],"replies":[{"embeddable":true,"href":"http:\/\/cerrajerodavidmalaga.es\/web\/index.php\/wp-json\/wp\/v2\/comments?post=49"}],"version-history":[{"count":2,"href":"http:\/\/cerrajerodavidmalaga.es\/web\/index.php\/wp-json\/wp\/v2\/pages\/49\/revisions"}],"predecessor-version":[{"id":77,"href":"http:\/\/cerrajerodavidmalaga.es\/web\/index.php\/wp-json\/wp\/v2\/pages\/49\/revisions\/77"}],"wp:attachment":[{"href":"http:\/\/cerrajerodavidmalaga.es\/web\/index.php\/wp-json\/wp\/v2\/media?parent=49"}],"curies":[{"name":"wp","href":"https:\/\/api.w.org\/{rel}","templated":true}]}}