{"id":3,"date":"2023-01-25T12:32:10","date_gmt":"2023-01-25T12:32:10","guid":{"rendered":"http:\/\/cerrajerodavidmalaga.es\/web\/?page_id=3"},"modified":"2026-04-11T09:56:39","modified_gmt":"2026-04-11T09:56:39","slug":"politica-de-privacidad","status":"publish","type":"page","link":"http:\/\/cerrajerodavidmalaga.es\/web\/index.php\/politica-de-privacidad\/","title":{"rendered":"Pol\u00edtica de privacidad"},"content":{"rendered":"\n<h2 class=\"wp-block-heading\">1. Responsable del tratamiento<\/h2>\n\n\n\n<p>En cumplimiento de lo dispuesto en el Reglamento (UE) 2016\/679 (RGPD), se informa que los datos personales recogidos a trav\u00e9s de este sitio web ser\u00e1n tratados por:<\/p>\n\n\n\n<ul class=\"wp-block-list\">\n<li>Titular: David Garcia Lopez-Cozar<\/li>\n\n\n\n<li>NIF\/CIF: 75572979Q<\/li>\n\n\n\n<li>Domicilio: calle calvo 31<\/li>\n\n\n\n<li>Correo electr\u00f3nico: daviddavid335590@gmail.com<\/li>\n\n\n\n<li>Tel\u00e9fono: 641 21 96 73<\/li>\n<\/ul>\n\n\n\n<hr class=\"wp-block-separator has-alpha-channel-opacity\"\/>\n\n\n\n<h2 class=\"wp-block-heading\">2. Finalidad del tratamiento de los datos<\/h2>\n\n\n\n<p>Los datos personales que el usuario facilite a trav\u00e9s de este sitio web ser\u00e1n utilizados para:<\/p>\n\n\n\n<ul class=\"wp-block-list\">\n<li>Atender solicitudes de informaci\u00f3n o presupuestos.<\/li>\n\n\n\n<li>Prestar los servicios de cerrajer\u00eda solicitados.<\/li>\n\n\n\n<li>Gestionar la relaci\u00f3n comercial con los clientes.<\/li>\n\n\n\n<li>Enviar comunicaciones relacionadas con los servicios ofrecidos (si el usuario lo autoriza).<\/li>\n<\/ul>\n\n\n\n<hr class=\"wp-block-separator has-alpha-channel-opacity\"\/>\n\n\n\n<h2 class=\"wp-block-heading\">3. Legitimaci\u00f3n<\/h2>\n\n\n\n<p>La base legal para el tratamiento de sus datos es:<\/p>\n\n\n\n<ul class=\"wp-block-list\">\n<li>El consentimiento del usuario al contactar con nosotros.<\/li>\n\n\n\n<li>La ejecuci\u00f3n de un contrato en caso de contrataci\u00f3n de servicios.<\/li>\n\n\n\n<li>El cumplimiento de obligaciones legales.<\/li>\n<\/ul>\n\n\n\n<hr class=\"wp-block-separator has-alpha-channel-opacity\"\/>\n\n\n\n<h2 class=\"wp-block-heading\">4. Conservaci\u00f3n de los datos<\/h2>\n\n\n\n<p>Los datos personales se conservar\u00e1n:<\/p>\n\n\n\n<ul class=\"wp-block-list\">\n<li>Mientras exista una relaci\u00f3n comercial.<\/li>\n\n\n\n<li>Mientras no se solicite su supresi\u00f3n.<\/li>\n\n\n\n<li>Durante el tiempo necesario para cumplir obligaciones legales.<\/li>\n<\/ul>\n\n\n\n<hr class=\"wp-block-separator has-alpha-channel-opacity\"\/>\n\n\n\n<h2 class=\"wp-block-heading\">5. Destinatarios de los datos<\/h2>\n\n\n\n<p>No se ceder\u00e1n datos a terceros, salvo obligaci\u00f3n legal o cuando sea necesario para la prestaci\u00f3n del servicio (por ejemplo, proveedores de hosting o servicios t\u00e9cnicos).<\/p>\n\n\n\n<hr class=\"wp-block-separator has-alpha-channel-opacity\"\/>\n\n\n\n<h2 class=\"wp-block-heading\">6. Derechos del usuario<\/h2>\n\n\n\n<p>El usuario tiene derecho a:<\/p>\n\n\n\n<ul class=\"wp-block-list\">\n<li>Acceder a sus datos personales.<\/li>\n\n\n\n<li>Solicitar la rectificaci\u00f3n de datos inexactos.<\/li>\n\n\n\n<li>Solicitar su supresi\u00f3n cuando los datos ya no sean necesarios.<\/li>\n\n\n\n<li>Oponerse al tratamiento de sus datos.<\/li>\n\n\n\n<li>Solicitar la limitaci\u00f3n del tratamiento.<\/li>\n\n\n\n<li>Solicitar la portabilidad de sus datos.<\/li>\n<\/ul>\n\n\n\n<p>Puede ejercer estos derechos enviando una solicitud a [EMAIL], indicando el derecho que desea ejercer.<\/p>\n\n\n\n<hr class=\"wp-block-separator has-alpha-channel-opacity\"\/>\n\n\n\n<h2 class=\"wp-block-heading\">7. Seguridad de los datos<\/h2>\n\n\n\n<p>Se han adoptado las medidas t\u00e9cnicas y organizativas necesarias para garantizar la seguridad de los datos personales y evitar su alteraci\u00f3n, p\u00e9rdida, tratamiento o acceso no autorizado.<\/p>\n\n\n\n<hr class=\"wp-block-separator has-alpha-channel-opacity\"\/>\n\n\n\n<h2 class=\"wp-block-heading\">8. Cookies<\/h2>\n\n\n\n<p>Este sitio web puede utilizar cookies para mejorar la experiencia del usuario. Para m\u00e1s informaci\u00f3n, consulte nuestra Pol\u00edtica de Cookies.<\/p>\n\n\n\n<hr class=\"wp-block-separator has-alpha-channel-opacity\"\/>\n\n\n\n<h2 class=\"wp-block-heading\">9. Cambios en la pol\u00edtica de privacidad<\/h2>\n\n\n\n<p>El titular se reserva el derecho a modificar la presente pol\u00edtica para adaptarla a novedades legislativas o jurisprudenciales.<\/p>\n\n\n\n<hr class=\"wp-block-separator has-alpha-channel-opacity\"\/>\n\n\n\n<h2 class=\"wp-block-heading\">10. Contacto<\/h2>\n\n\n\n<p>Si tiene cualquier duda sobre esta pol\u00edtica de privacidad, puede contactar:<\/p>\n\n\n\n<p>\u00a0daviddavid335590@gmail.com<\/p>\n\n\n\n<p>\u00a0641 21 96 73<\/p>\n","protected":false},"excerpt":{"rendered":"<p>1. Responsable del tratamiento En cumplimiento de lo dispuesto en el Reglamento (UE) 2016\/679 (RGPD), se informa que los datos personales recogidos a trav\u00e9s de este sitio web ser\u00e1n tratados por: 2. Finalidad del tratamiento de los datos Los datos personales que el usuario facilite a trav\u00e9s de este sitio web ser\u00e1n utilizados para: 3. &#8230; <a title=\"Pol\u00edtica de privacidad\" class=\"read-more\" href=\"http:\/\/cerrajerodavidmalaga.es\/web\/index.php\/politica-de-privacidad\/\" aria-label=\"Leer m\u00e1s sobre Pol\u00edtica de privacidad\">Leer m\u00e1s<\/a><\/p>\n","protected":false},"author":1,"featured_media":0,"parent":0,"menu_order":0,"comment_status":"closed","ping_status":"closed","template":"","meta":{"footnotes":""},"class_list":["post-3","page","type-page","status-publish"],"_links":{"self":[{"href":"http:\/\/cerrajerodavidmalaga.es\/web\/index.php\/wp-json\/wp\/v2\/pages\/3","targetHints":{"allow":["GET"]}}],"collection":[{"href":"http:\/\/cerrajerodavidmalaga.es\/web\/index.php\/wp-json\/wp\/v2\/pages"}],"about":[{"href":"http:\/\/cerrajerodavidmalaga.es\/web\/index.php\/wp-json\/wp\/v2\/types\/page"}],"author":[{"embeddable":true,"href":"http:\/\/cerrajerodavidmalaga.es\/web\/index.php\/wp-json\/wp\/v2\/users\/1"}],"replies":[{"embeddable":true,"href":"http:\/\/cerrajerodavidmalaga.es\/web\/index.php\/wp-json\/wp\/v2\/comments?post=3"}],"version-history":[{"count":2,"href":"http:\/\/cerrajerodavidmalaga.es\/web\/index.php\/wp-json\/wp\/v2\/pages\/3\/revisions"}],"predecessor-version":[{"id":96,"href":"http:\/\/cerrajerodavidmalaga.es\/web\/index.php\/wp-json\/wp\/v2\/pages\/3\/revisions\/96"}],"wp:attachment":[{"href":"http:\/\/cerrajerodavidmalaga.es\/web\/index.php\/wp-json\/wp\/v2\/media?parent=3"}],"curies":[{"name":"wp","href":"https:\/\/api.w.org\/{rel}","templated":true}]}}