{"id":105,"date":"2026-04-11T09:54:03","date_gmt":"2026-04-11T09:54:03","guid":{"rendered":"https:\/\/cerrajerodavidmalaga.es\/web\/?page_id=105"},"modified":"2026-04-11T09:54:38","modified_gmt":"2026-04-11T09:54:38","slug":"politica-de-cookies","status":"publish","type":"page","link":"http:\/\/cerrajerodavidmalaga.es\/web\/index.php\/politica-de-cookies\/","title":{"rendered":"Pol\u00edtica de cookies"},"content":{"rendered":"\n<div style=\"height:100px\" aria-hidden=\"true\" class=\"wp-block-spacer\"><\/div>\n\n\n\n<h2 class=\"wp-block-heading\">Pol\u00edtica de cookies 1. \u00bfQu\u00e9 son las cookies?<\/h2>\n\n\n\n<p>En la web de&nbsp;<strong>David Cerrajero M\u00e1laga<\/strong>, utilizamos cookies y otras tecnolog\u00edas similares para mejorar la experiencia de navegaci\u00f3n del usuario, analizar el uso del sitio web y ofrecer contenidos personalizados.<\/p>\n\n\n\n<p>Las cookies son peque\u00f1os archivos que se descargan en su dispositivo al acceder a determinadas p\u00e1ginas web y permiten almacenar y recuperar informaci\u00f3n sobre la navegaci\u00f3n.<\/p>\n\n\n\n<hr class=\"wp-block-separator has-alpha-channel-opacity\"\/>\n\n\n\n<h2 class=\"wp-block-heading\">2. Tipos de cookies utilizadas<\/h2>\n\n\n\n<p>Este sitio web puede utilizar las siguientes categor\u00edas de cookies:<\/p>\n\n\n\n<h3 class=\"wp-block-heading\">Cookies t\u00e9cnicas<\/h3>\n\n\n\n<p>Son aquellas necesarias para el funcionamiento de la web y permiten, por ejemplo, la navegaci\u00f3n o el acceso a \u00e1reas seguras.<\/p>\n\n\n\n<h3 class=\"wp-block-heading\">Cookies de an\u00e1lisis<\/h3>\n\n\n\n<p>Permiten cuantificar el n\u00famero de usuarios y realizar la medici\u00f3n y an\u00e1lisis estad\u00edstico del uso que hacen los usuarios del sitio web.<\/p>\n\n\n\n<h3 class=\"wp-block-heading\">Cookies de personalizaci\u00f3n<\/h3>\n\n\n\n<p>Permiten recordar informaci\u00f3n para que el usuario acceda al servicio con determinadas caracter\u00edsticas (idioma, tipo de navegador, etc.).<\/p>\n\n\n\n<h3 class=\"wp-block-heading\">Cookies publicitarias (si aplica)<\/h3>\n\n\n\n<p>Se utilizan para gestionar los espacios publicitarios y mostrar anuncios relevantes para el usuario.<\/p>\n\n\n\n<hr class=\"wp-block-separator has-alpha-channel-opacity\"\/>\n\n\n\n<h2 class=\"wp-block-heading\">3. Cookies de terceros<\/h2>\n\n\n\n<p>Este sitio web puede utilizar servicios de terceros que recopilan informaci\u00f3n con fines estad\u00edsticos y de uso de la web, como:<\/p>\n\n\n\n<ul class=\"wp-block-list\">\n<li>Google Analytics (para analizar el uso del sitio web)<\/li>\n\n\n\n<li>Otros servicios de Google o herramientas similares<\/li>\n<\/ul>\n\n\n\n<p>Estas cookies son gestionadas por terceros y est\u00e1n sujetas a sus propias pol\u00edticas de privacidad.<\/p>\n\n\n\n<hr class=\"wp-block-separator has-alpha-channel-opacity\"\/>\n\n\n\n<h2 class=\"wp-block-heading\">4. Consentimiento<\/h2>\n\n\n\n<p>Al acceder a este sitio web, el usuario acepta el uso de cookies conforme a las condiciones establecidas en la presente Pol\u00edtica de Cookies.<\/p>\n\n\n\n<p>El usuario puede aceptar, rechazar o configurar el uso de cookies a trav\u00e9s del banner de cookies mostrado al acceder al sitio.<\/p>\n\n\n\n<hr class=\"wp-block-separator has-alpha-channel-opacity\"\/>\n\n\n\n<h2 class=\"wp-block-heading\">5. C\u00f3mo desactivar o eliminar cookies<\/h2>\n\n\n\n<p>El usuario puede permitir, bloquear o eliminar las cookies instaladas en su dispositivo mediante la configuraci\u00f3n de su navegador:<\/p>\n\n\n\n<ul class=\"wp-block-list\">\n<li>Google Chrome<\/li>\n\n\n\n<li>Mozilla Firefox<\/li>\n\n\n\n<li>Microsoft Edge<\/li>\n\n\n\n<li>Safari<\/li>\n<\/ul>\n\n\n\n<p>Cada navegador dispone de opciones espec\u00edficas para gestionar las cookies.<\/p>\n\n\n\n<hr class=\"wp-block-separator has-alpha-channel-opacity\"\/>\n\n\n\n<h2 class=\"wp-block-heading\">6. Actualizaciones y cambios<\/h2>\n\n\n\n<p>David Cerrajero M\u00e1laga puede modificar esta Pol\u00edtica de Cookies en funci\u00f3n de nuevas exigencias legislativas o con la finalidad de adaptarla a las instrucciones dictadas por las autoridades.<\/p>\n\n\n\n<hr class=\"wp-block-separator has-alpha-channel-opacity\"\/>\n\n\n\n<h2 class=\"wp-block-heading\">7. Contacto<\/h2>\n\n\n\n<p>Si tiene dudas sobre esta Pol\u00edtica de Cookies, puede contactar en:<\/p>\n\n\n\n<p>637787497<\/p>\n\n\n\n<p>daviddavid335590@gmail.com <\/p>\n","protected":false},"excerpt":{"rendered":"<p>Pol\u00edtica de cookies 1. \u00bfQu\u00e9 son las cookies? En la web de&nbsp;David Cerrajero M\u00e1laga, utilizamos cookies y otras tecnolog\u00edas similares para mejorar la experiencia de navegaci\u00f3n del usuario, analizar el uso del sitio web y ofrecer contenidos personalizados. Las cookies son peque\u00f1os archivos que se descargan en su dispositivo al acceder a determinadas p\u00e1ginas web &#8230; <a title=\"Pol\u00edtica de cookies\" class=\"read-more\" href=\"http:\/\/cerrajerodavidmalaga.es\/web\/index.php\/politica-de-cookies\/\" aria-label=\"Leer m\u00e1s sobre Pol\u00edtica de cookies\">Leer m\u00e1s<\/a><\/p>\n","protected":false},"author":1,"featured_media":0,"parent":0,"menu_order":0,"comment_status":"closed","ping_status":"closed","template":"","meta":{"footnotes":""},"class_list":["post-105","page","type-page","status-publish"],"_links":{"self":[{"href":"http:\/\/cerrajerodavidmalaga.es\/web\/index.php\/wp-json\/wp\/v2\/pages\/105","targetHints":{"allow":["GET"]}}],"collection":[{"href":"http:\/\/cerrajerodavidmalaga.es\/web\/index.php\/wp-json\/wp\/v2\/pages"}],"about":[{"href":"http:\/\/cerrajerodavidmalaga.es\/web\/index.php\/wp-json\/wp\/v2\/types\/page"}],"author":[{"embeddable":true,"href":"http:\/\/cerrajerodavidmalaga.es\/web\/index.php\/wp-json\/wp\/v2\/users\/1"}],"replies":[{"embeddable":true,"href":"http:\/\/cerrajerodavidmalaga.es\/web\/index.php\/wp-json\/wp\/v2\/comments?post=105"}],"version-history":[{"count":2,"href":"http:\/\/cerrajerodavidmalaga.es\/web\/index.php\/wp-json\/wp\/v2\/pages\/105\/revisions"}],"predecessor-version":[{"id":107,"href":"http:\/\/cerrajerodavidmalaga.es\/web\/index.php\/wp-json\/wp\/v2\/pages\/105\/revisions\/107"}],"wp:attachment":[{"href":"http:\/\/cerrajerodavidmalaga.es\/web\/index.php\/wp-json\/wp\/v2\/media?parent=105"}],"curies":[{"name":"wp","href":"https:\/\/api.w.org\/{rel}","templated":true}]}}